{"id":2,"date":"2024-05-27T20:19:23","date_gmt":"2024-05-27T18:19:23","guid":{"rendered":"http:\/\/lyon-luxury-drives.com\/?page_id=2"},"modified":"2025-10-20T23:39:58","modified_gmt":"2025-10-20T21:39:58","slug":"page-d-exemple","status":"publish","type":"page","link":"https:\/\/lyon-luxury-drives.com\/","title":{"rendered":"Accueil"},"content":{"rendered":"\n<h2 class=\"wp-block-heading\">Des prestations sur-mesure pour un service de qualit\u00e9<\/h2>\n\n\n\n<p>La <strong>ponctualit\u00e9 <\/strong>est une qualit\u00e9 essentielle pour nos chauffeurs priv\u00e9s. Notre compagnie <strong>mettra tout en \u0153uvre <\/strong>pour que votre prise en charge soit \u00e0 l\u2019heure convenue ainsi que votre arriv\u00e9e. Tenue correcte, habitacle propre, services \u00e0 bord soign\u00e9s, nous vous proposons une <strong>prestation de transport haut-de-gamme<\/strong>. Vous avez le droit au confort et \u00e0 un mode de transport prestige.<\/p>\n\n\n\n<figure class=\"wp-block-image size-large is-resized\"><img decoding=\"async\" src=\"https:\/\/tesliens.com\/wp-content\/uploads\/2021\/01\/photos-interieur-tesla-model-y-01-800x492.jpg.webp\" alt=\"\" style=\"width:748px;height:auto\"\/><\/figure>\n\n\n\n<h3 class=\"wp-block-heading\" id=\"estimer\">Estimer le prix de votre course<\/h3>\n\n\n\n<form id=\"route-form\">\n    <div style=\"display: flex; flex-wrap: wrap; gap: 1em; margin-top: 1em\">\n        <div>\n            <label for=\"date\">Date de d\u00e9part :<\/label>\n            <input type=\"date\" id=\"date\">\n        <\/div>\n        <div>\n            <label for=\"heure\">Heure de d\u00e9part :<\/label>\n            <input type=\"time\" id=\"heure\">\n        <\/div>\n    <\/div>\n\n<div style=\"display: flex; flex-wrap: wrap; gap: 1em; margin-top: 1em\">\n    <label>V\u00e9hicule :<\/label>\n    <span>\n        <input type=\"radio\" id=\"berline\" name=\"type\" value=\"Berline\" checked>\n        <label for=\"berline\" style=\"margin-left=0.5em\">Berline<\/label>\n    <\/span>\n    <span>\n        <input type=\"radio\" id=\"van\" name=\"type\" value=\"Van\">\n        <label for=\"van\" style=\"margin-left=0.5em\">Van<\/label>\n    <\/span>\n<\/div>\n\n<div style=\"margin-top: 1em\">\n    <label for=\"start\">Point de d\u00e9part :<\/label>\n    <input type=\"text\" id=\"start\" placeholder=\"Saisir l'adresse de d\u00e9part\">\n<\/div>\n\n    <label for=\"end\">Adresse d&rsquo;arriv\u00e9e :<\/label>\n    <input type=\"text\" id=\"end\" placeholder=\"Saisir l'adresse d'arriv\u00e9e\">\n\n<button type=\"button\" onclick=\"calculateRoute()\" style=\"margin-top: 10px\">Calculer l&rsquo;itin\u00e9raire<\/button>\n<\/form>\n\n<div id=\"map\" style=\"height: 500px; width: 100%; margin-top: 20px; margin-bottom: 20px\"><\/div>\n<div id=\"output\"><\/div>\n\n\n\n<h3 class=\"wp-block-heading\">Formulaire de r\u00e9servation<\/h3>\n\n\n\n<div class=\"wpcf7 no-js\" id=\"wpcf7-f115-o1\" lang=\"fr-FR\" dir=\"ltr\" data-wpcf7-id=\"115\">\n<div class=\"screen-reader-response\"><p role=\"status\" aria-live=\"polite\" aria-atomic=\"true\"><\/p> <ul><\/ul><\/div>\n<form action=\"\/index.php\/wp-json\/wp\/v2\/pages\/2#wpcf7-f115-o1\" method=\"post\" class=\"wpcf7-form init\" aria-label=\"Formulaire de contact\" novalidate=\"novalidate\" data-status=\"init\">\n<fieldset class=\"hidden-fields-container\"><input type=\"hidden\" name=\"_wpcf7\" value=\"115\" \/><input type=\"hidden\" name=\"_wpcf7_version\" value=\"6.1.5\" \/><input type=\"hidden\" name=\"_wpcf7_locale\" value=\"fr_FR\" \/><input type=\"hidden\" name=\"_wpcf7_unit_tag\" value=\"wpcf7-f115-o1\" \/><input type=\"hidden\" name=\"_wpcf7_container_post\" value=\"0\" \/><input type=\"hidden\" name=\"_wpcf7_posted_data_hash\" value=\"\" \/><input type=\"hidden\" name=\"_cf7a__timestamp\" value=\"oejPhpQSFVEUd\/owOtlSuw==\" \/><input type=\"hidden\" name=\"_cf7a_version\" value=\"1.0\" \/><input type=\"hidden\" name=\"_cf7a_address\" value=\"\" \/><input type=\"hidden\" name=\"_cf7a_referer\" value=\"\" \/><input type=\"hidden\" name=\"_cf7a_protocol\" value=\"\" \/><input type=\"hidden\" name=\"_cf7a_bot_fingerprint\" value=\"oejPhpQSFVEUd\/owOtlSuw==\" \/><input type=\"hidden\" name=\"_cf7a_bot_fingerprint_extras\" \/><input type=\"hidden\" name=\"_cf7a_append_on_submit\" \/>\n<\/fieldset>\n<p><label> Votre pr\u00e9nom<br \/>\n<span class=\"wpcf7-form-control-wrap\" data-name=\"prenom\"><input size=\"40\" maxlength=\"400\" class=\"wpcf7-form-control wpcf7-text wpcf7-validates-as-required\" autocomplete=\"name\" aria-required=\"true\" aria-invalid=\"false\" value=\"\" type=\"text\" name=\"prenom\" \/><input type=\"text\" name=\"name\" value=\"\" autocomplete=\"fill\" class=\"fit-the-fullspace\" aria-hidden=\"true\" tabindex=\"-1\" \/><\/span> <\/label>\n<\/p>\n<p><label> Votre nom<br \/>\n<span class=\"wpcf7-form-control-wrap\" data-name=\"nom\"><input size=\"40\" maxlength=\"400\" class=\"wpcf7-form-control wpcf7-text wpcf7-validates-as-required\" autocomplete=\"name\" aria-required=\"true\" aria-invalid=\"false\" value=\"\" type=\"text\" name=\"nom\" \/><input type=\"text\" name=\"email\" value=\"\" autocomplete=\"fill\" class=\"fit-the-fullspace\" aria-hidden=\"true\" tabindex=\"-1\" \/><\/span> <\/label>\n<\/p>\n<p><label> Votre e-mail<br \/>\n<span class=\"wpcf7-form-control-wrap\" data-name=\"email\"><input size=\"40\" maxlength=\"400\" class=\"wpcf7-form-control wpcf7-email wpcf7-validates-as-required wpcf7-text wpcf7-validates-as-email\" autocomplete=\"email\" aria-required=\"true\" aria-invalid=\"false\" value=\"\" type=\"email\" name=\"email\" \/><\/span> <\/label>\n<\/p>\n<p><label> Nombre de passagers<br \/>\n<span class=\"wpcf7-form-control-wrap\" data-name=\"passagers\"><input class=\"wpcf7-form-control wpcf7-number wpcf7-validates-as-required wpcf7-validates-as-number\" min=\"1\" max=\"7\" aria-required=\"true\" aria-invalid=\"false\" value=\"1\" type=\"number\" name=\"passagers\" \/><\/span> <\/label>\n<\/p>\n<p><label> Votre t\u00e9l\u00e9phone<br \/>\n<span class=\"wpcf7-form-control-wrap\" data-name=\"telephone\"><input size=\"40\" maxlength=\"400\" class=\"wpcf7-form-control wpcf7-tel wpcf7-validates-as-required wpcf7-text wpcf7-validates-as-tel\" aria-required=\"true\" aria-invalid=\"false\" value=\"\" type=\"tel\" name=\"telephone\" \/><\/span> <\/label>\n<\/p>\n<p><label> Votre message (informations compl\u00e9mentaires)<br \/>\n<span class=\"wpcf7-form-control-wrap\" data-name=\"message\"><textarea cols=\"40\" rows=\"10\" maxlength=\"2000\" class=\"wpcf7-form-control wpcf7-textarea\" aria-invalid=\"false\" name=\"message\"><\/textarea><\/span> <\/label>\n<\/p>\n<input class=\"wpcf7-form-control wpcf7-hidden\" value=\"\" type=\"hidden\" name=\"depart\" \/>\n<input class=\"wpcf7-form-control wpcf7-hidden\" value=\"\" type=\"hidden\" name=\"arrivee\" \/>\n<input class=\"wpcf7-form-control wpcf7-hidden\" value=\"\" type=\"hidden\" name=\"date\" \/>\n<input class=\"wpcf7-form-control wpcf7-hidden\" value=\"\" type=\"hidden\" name=\"heure\" \/>\n<input class=\"wpcf7-form-control wpcf7-hidden\" value=\"\" type=\"hidden\" name=\"distance\" \/>\n<input class=\"wpcf7-form-control wpcf7-hidden\" value=\"\" type=\"hidden\" name=\"temps\" \/>\n<input class=\"wpcf7-form-control wpcf7-hidden\" value=\"\" type=\"hidden\" name=\"prix\" \/>\n<input class=\"wpcf7-form-control wpcf7-hidden\" value=\"\" type=\"hidden\" name=\"vehicule\" \/>\n<p><input class=\"wpcf7-form-control wpcf7-submit has-spinner\" type=\"submit\" value=\"Envoyer\" \/>\n<\/p><div class=\"wpcf7-response-output\" aria-hidden=\"true\"><\/div>\n<\/form>\n<\/div>\n\n\n\n\n<div class=\"wp-block-columns alignwide has-background-color has-foreground-background-color has-text-color has-background has-link-color wp-elements-f71f7ed2ef3e1d9fd813b6ed0e5e738c is-layout-flex wp-container-core-columns-is-layout-b653aba5 wp-block-columns-is-layout-flex\" style=\"padding-top:var(--wp--preset--spacing--50);padding-right:var(--wp--preset--spacing--50);padding-bottom:var(--wp--preset--spacing--50);padding-left:var(--wp--preset--spacing--50)\">\n<div class=\"wp-block-column is-vertically-aligned-center is-layout-flow wp-block-column-is-layout-flow\" style=\"padding-top:var(--wp--preset--spacing--20);padding-right:var(--wp--preset--spacing--20);padding-bottom:var(--wp--preset--spacing--20);padding-left:var(--wp--preset--spacing--20)\">\n<div class=\"wp-block-group is-vertical is-content-justification-center is-layout-flex wp-container-core-group-is-layout-ce155fab wp-block-group-is-layout-flex\"><p class=\"wp-block-paragraph material-icons access_time has-sp-icon has-extra-large-font-size\" data-icon=\"access_time\"><\/p>\n<\/div>\n\n\n\n<p class=\"has-text-align-center has-medium-font-size\">Disponible sur RDV uniquement<\/p>\n<\/div>\n\n\n\n<div class=\"wp-block-column is-vertically-aligned-center is-layout-flow wp-block-column-is-layout-flow\" style=\"padding-top:var(--wp--preset--spacing--20);padding-right:var(--wp--preset--spacing--20);padding-bottom:var(--wp--preset--spacing--20);padding-left:var(--wp--preset--spacing--20)\">\n<div class=\"wp-block-group is-vertical is-content-justification-center is-layout-flex wp-container-core-group-is-layout-ce155fab wp-block-group-is-layout-flex\"><p class=\"wp-block-paragraph material-icons euro has-sp-icon has-extra-large-font-size\" data-icon=\"euro\"><\/p>\n<\/div>\n\n\n\n<p class=\"has-text-align-center has-medium-font-size\">Prix fixes et convenus \u00e0 l&rsquo;avance<\/p>\n<\/div>\n\n\n\n<div class=\"wp-block-column is-vertically-aligned-center is-layout-flow wp-block-column-is-layout-flow\" style=\"padding-top:var(--wp--preset--spacing--20);padding-right:var(--wp--preset--spacing--20);padding-bottom:var(--wp--preset--spacing--20);padding-left:var(--wp--preset--spacing--20)\">\n<div class=\"wp-block-group is-vertical is-content-justification-center is-layout-flex wp-container-core-group-is-layout-ce155fab wp-block-group-is-layout-flex\"><p class=\"wp-block-paragraph material-icons star_border has-sp-icon has-extra-large-font-size\" data-icon=\"star_border\"><\/p>\n<\/div>\n\n\n\n<p class=\"has-text-align-center has-medium-font-size\">Une prestation haut de gamme<\/p>\n<\/div>\n<\/div>\n\n\n\n<hr class=\"wp-block-separator has-alpha-channel-opacity\"\/>\n\n\n\n<h2 class=\"wp-block-heading\" id=\"nos-vehicules\">NOS V\u00c9HICULES<\/h2>\n\n\n\n<h3 class=\"wp-block-heading\">Berlines<\/h3>\n\n\n\n<p><strong>Nous mettons  \u00e0 votre disposition un v\u00e9hicule de LUXE pour vos transfert A\u00e9roport ainsi que toute autre destination ma priorit\u00e9 votre s\u00e9r\u00e9nit\u00e9.<\/strong><\/p>\n\n\n\n<ul class=\"wp-block-list\">\n<li>Jusqu\u2019a 4 passagers<\/li>\n\n\n\n<li>Jusqu\u2019a 4 bagages<\/li>\n\n\n\n<li>Si\u00e8ge b\u00e9b\u00e9 : sur demande<\/li>\n\n\n\n<li>Bouteille d\u2019eau, chargeurs, radio, Bluetooth<\/li>\n<\/ul>\n\n\n\n<figure class=\"wp-block-image size-full\"><img loading=\"lazy\" decoding=\"async\" width=\"750\" height=\"422\" src=\"https:\/\/lyon-luxury-drives.com\/wp-content\/uploads\/2024\/11\/02._Solid_Black.webp\" alt=\"\" class=\"wp-image-337\" srcset=\"https:\/\/lyon-luxury-drives.com\/wp-content\/uploads\/2024\/11\/02._Solid_Black.webp 750w, https:\/\/lyon-luxury-drives.com\/wp-content\/uploads\/2024\/11\/02._Solid_Black-300x169.webp 300w\" sizes=\"auto, (max-width: 750px) 100vw, 750px\" \/><\/figure>\n\n\n\n<p><strong>Nous mettons \u00e0 votre disposition un v\u00e9hicule CONFORT pour vos transfert A\u00e9roport ainsi que toute autre destination ma priorit\u00e9 votre s\u00e9r\u00e9nit\u00e9<\/strong><\/p>\n\n\n\n<ul class=\"wp-block-list\">\n<li>Jusqu\u2019a 4 passagers<\/li>\n\n\n\n<li>Jusqu\u2019a 4 bagages<\/li>\n\n\n\n<li>Si\u00e8ge b\u00e9b\u00e9 : sur demande<\/li>\n\n\n\n<li>Bouteille d\u2019eau, chargeurs, radio, Bluetooth<\/li>\n<\/ul>\n\n\n\n<figure class=\"wp-block-image size-full is-resized\"><img loading=\"lazy\" decoding=\"async\" width=\"1483\" height=\"725\" src=\"https:\/\/lyon-luxury-drives.com\/wp-content\/uploads\/2024\/07\/toyota-corolla-touring-sports-noir-metallise-break-couleurs.png\" alt=\"\" class=\"wp-image-135\" style=\"width:346px;height:auto\" srcset=\"https:\/\/lyon-luxury-drives.com\/wp-content\/uploads\/2024\/07\/toyota-corolla-touring-sports-noir-metallise-break-couleurs.png 1483w, https:\/\/lyon-luxury-drives.com\/wp-content\/uploads\/2024\/07\/toyota-corolla-touring-sports-noir-metallise-break-couleurs-300x147.png 300w, https:\/\/lyon-luxury-drives.com\/wp-content\/uploads\/2024\/07\/toyota-corolla-touring-sports-noir-metallise-break-couleurs-1024x501.png 1024w, https:\/\/lyon-luxury-drives.com\/wp-content\/uploads\/2024\/07\/toyota-corolla-touring-sports-noir-metallise-break-couleurs-768x375.png 768w\" sizes=\"auto, (max-width: 1483px) 100vw, 1483px\" \/><\/figure>\n\n\n\n<h3 class=\"wp-block-heading\">Vans<\/h3>\n\n\n\n<p><strong>Nous mettons \u00e0 votre disposition un v\u00e9hicule 6 places pour vos transfert A\u00e9roport ainsi que toute autre destination ma priorit\u00e9 votre s\u00e9r\u00e9nit\u00e9<\/strong><\/p>\n\n\n\n<ul class=\"wp-block-list\">\n<li>Jusqu\u2019a 6 passagers<\/li>\n\n\n\n<li>Jusqu\u2019a 6 bagages<\/li>\n\n\n\n<li>Si\u00e8ge b\u00e9b\u00e9 : sur demande<\/li>\n\n\n\n<li>Bouteille d\u2019eau, chargeurs, radio, Bluetooth<\/li>\n<\/ul>\n\n\n\n<figure class=\"wp-block-image size-full is-resized\"><img loading=\"lazy\" decoding=\"async\" width=\"1272\" height=\"715\" src=\"https:\/\/lyon-luxury-drives.com\/wp-content\/uploads\/2024\/10\/mercedes-classe-v-long-250-d-9g-tronic-neuf-2024-roquebrune-sur-argens-edited.png\" alt=\"\" class=\"wp-image-225\" style=\"width:407px;height:auto\" srcset=\"https:\/\/lyon-luxury-drives.com\/wp-content\/uploads\/2024\/10\/mercedes-classe-v-long-250-d-9g-tronic-neuf-2024-roquebrune-sur-argens-edited.png 1272w, https:\/\/lyon-luxury-drives.com\/wp-content\/uploads\/2024\/10\/mercedes-classe-v-long-250-d-9g-tronic-neuf-2024-roquebrune-sur-argens-edited-300x169.png 300w, https:\/\/lyon-luxury-drives.com\/wp-content\/uploads\/2024\/10\/mercedes-classe-v-long-250-d-9g-tronic-neuf-2024-roquebrune-sur-argens-edited-1024x576.png 1024w, https:\/\/lyon-luxury-drives.com\/wp-content\/uploads\/2024\/10\/mercedes-classe-v-long-250-d-9g-tronic-neuf-2024-roquebrune-sur-argens-edited-768x432.png 768w\" sizes=\"auto, (max-width: 1272px) 100vw, 1272px\" \/><\/figure>\n\n\n\n<p><strong>Lyon Luxury Drives <\/strong>propose des transferts sur r\u00e9servation depuis ou vers la r\u00e9gion Lyonnaise avec une attention particuli\u00e8re pour l&rsquo;a\u00e9roport de Saint-Exup\u00e9ry et la gare de la Part-Dieu.<br>Nous proposons des services de transport priv\u00e9 pour tous vos transferts depuis et vers l&rsquo;a\u00e9roport de Lyon ainsi que vers les destinations de loisirs avec des chauffeurs priv\u00e9s \u00e0 votre disposition.<br>Nous assurons des transferts pour les a\u00e9roports de Lyon et Gen\u00e8ve, ainsi que des transferts vers Chamb\u00e9ry, Grenoble, Saint-\u00c9tienne, M\u00e2con, Bourg-en-Bresse et bien plus encore.<br><strong><em>Nous sommes disponibles uniquement sur rendez-vous&nbsp;<\/em><\/strong><\/p>\n\n\n\n<p><strong>Faites confiance a nos chauffeurs exp\u00e9riment\u00e9s, qui ont une parfaite connaissance de la r\u00e9gion lyonnaise, pour vous conduire en toute s\u00e9curit\u00e9 et dans les meilleures conditions<\/strong><\/p>\n\n\n\n<hr class=\"wp-block-separator has-alpha-channel-opacity\"\/>\n\n\n\n<h3 class=\"wp-block-heading\" id=\"mise-a-dispo\"><strong>Mise \u00e0 disposition de v\u00e9hicules avec chauffeur<\/strong><\/h3>\n\n\n\n<p>Besoin d&rsquo;un chauffeur priv\u00e9 pour vous d\u00e9placer librement dans Lyon ?<\/p>\n\n\n\n<p>C&rsquo;est possible avec Lyon-Luxury-Drives  qui vous propose un service sur-mesure de mise \u00e0 disposition de voiture avec chauffeur pour une dur\u00e9e pouvant aller de quelques heures \u00e0 plusieurs jours.<\/p>\n\n\n\n<figure class=\"wp-block-image size-full\"><img loading=\"lazy\" decoding=\"async\" width=\"474\" height=\"316\" src=\"https:\/\/lyon-luxury-drives.com\/wp-content\/uploads\/2024\/11\/OIP.jpg\" alt=\"\" class=\"wp-image-325\" srcset=\"https:\/\/lyon-luxury-drives.com\/wp-content\/uploads\/2024\/11\/OIP.jpg 474w, https:\/\/lyon-luxury-drives.com\/wp-content\/uploads\/2024\/11\/OIP-300x200.jpg 300w\" sizes=\"auto, (max-width: 474px) 100vw, 474px\" \/><\/figure>\n\n\n\n<p><\/p>\n\n\n\n<h3 class=\"wp-block-heading\" id=\"ski\"><strong>Transferts vers les Stations de Ski&nbsp;<\/strong><\/h3>\n\n\n\n<p>L\u2019hiver approche et avec lui, l\u2019envie de s\u2019\u00e9vader vers les montagnes pour profiter des sports d\u2019hiver. Pour rendre votre s\u00e9jour \u00e0 la neige encore plus agr\u00e9able, notre service de chauffeur priv\u00e9 haut de gamme vous propose des transferts vers les stations de ski, alliant confort, s\u00e9curit\u00e9 et service personnalis\u00e9.<\/p>\n\n\n\n<p>\u00c0 votre arriv\u00e9e, notre chauffeur vous attendra au point de rendez-vous avec une pancarte \u00e0 votre nom, pr\u00eat \u00e0 vous conduire \u00e0 votre station de ski sans stress ni tracas. Vous pouvez ainsi vous concentrer sur ce qui compte vraiment : profiter de votre s\u00e9jour \u00e0 la montagne.<\/p>\n\n\n\n<p>R\u00e9server votre transfert vers la station de ski est simple et rapide. Il vous suffit de remplir un formulaire sur notre site en indiquant vos horaires et vos besoins sp\u00e9cifiques. Laissez-nous prendre en charge votre trajet, pour que vous puissiez commencer vos vacances en toute tranquillit\u00e9.<\/p>\n\n\n\n<figure class=\"wp-block-image size-full\"><img loading=\"lazy\" decoding=\"async\" width=\"1024\" height=\"1024\" src=\"https:\/\/lyon-luxury-drives.com\/wp-content\/uploads\/2024\/11\/facebook_1730281246954_7257325555228148377.jpg\" alt=\"\" class=\"wp-image-320\" srcset=\"https:\/\/lyon-luxury-drives.com\/wp-content\/uploads\/2024\/11\/facebook_1730281246954_7257325555228148377.jpg 1024w, https:\/\/lyon-luxury-drives.com\/wp-content\/uploads\/2024\/11\/facebook_1730281246954_7257325555228148377-300x300.jpg 300w, https:\/\/lyon-luxury-drives.com\/wp-content\/uploads\/2024\/11\/facebook_1730281246954_7257325555228148377-150x150.jpg 150w, https:\/\/lyon-luxury-drives.com\/wp-content\/uploads\/2024\/11\/facebook_1730281246954_7257325555228148377-768x768.jpg 768w, https:\/\/lyon-luxury-drives.com\/wp-content\/uploads\/2024\/11\/facebook_1730281246954_7257325555228148377-480x480.jpg 480w\" sizes=\"auto, (max-width: 1024px) 100vw, 1024px\" \/><\/figure>\n\n\n\n<p><\/p>\n\n\n\n<h3 class=\"wp-block-heading\" id=\"seminaires\"><strong>S\u00e9minaires et \u00c9v\u00e9nements d\u2019Entreprise<\/strong><\/h3>\n\n\n\n<p>Simplifiez l\u2019organisation de vos s\u00e9minaires avec notre service de transport priv\u00e9 haut de gamme. Nous offrons des trajets sur-mesure pour vos \u00e9quipes et invit\u00e9s, garantissant ponctualit\u00e9, confort et discr\u00e9tion. Notre flotte de v\u00e9hicules luxueux et nos chauffeurs professionnels assurent un service irr\u00e9prochable, que ce soit pour des transferts d\u2019a\u00e9roport, de gare ou entre lieux de r\u00e9union.<\/p>\n\n\n\n<p>Pour un transport \u00e9l\u00e9gant et sans souci lors de vos \u00e9v\u00e9nements professionnels, contactez-nous pour un devis personnalis\u00e9.<\/p>\n\n\n\n<figure class=\"wp-block-image size-full\"><img loading=\"lazy\" decoding=\"async\" width=\"960\" height=\"538\" src=\"https:\/\/lyon-luxury-drives.com\/wp-content\/uploads\/2024\/11\/pngtree-luxurious-and-modern-meeting-room-interior-design-with-3d-rendering-image_3772892.jpg\" alt=\"\" class=\"wp-image-322\" srcset=\"https:\/\/lyon-luxury-drives.com\/wp-content\/uploads\/2024\/11\/pngtree-luxurious-and-modern-meeting-room-interior-design-with-3d-rendering-image_3772892.jpg 960w, https:\/\/lyon-luxury-drives.com\/wp-content\/uploads\/2024\/11\/pngtree-luxurious-and-modern-meeting-room-interior-design-with-3d-rendering-image_3772892-300x168.jpg 300w, https:\/\/lyon-luxury-drives.com\/wp-content\/uploads\/2024\/11\/pngtree-luxurious-and-modern-meeting-room-interior-design-with-3d-rendering-image_3772892-768x430.jpg 768w\" sizes=\"auto, (max-width: 960px) 100vw, 960px\" \/><\/figure>\n\n\n\n<p><\/p>\n\n\n\n<h3 class=\"wp-block-heading\" id=\"evenements\"><strong>\u00c9v\u00e9nements<\/strong><\/h3>\n\n\n\n<p>Pour vos \u00e9v\u00e9nements sp\u00e9ciaux, profitez d&rsquo;un service de chauffeur priv\u00e9 haut de gamme. Que ce soit pour un gala, une soir\u00e9e d&rsquo;entreprise ou un lancement de produit, nous vous offrons des v\u00e9hicules de prestige et un service professionnel.<\/p>\n\n\n\n<p>Nos chauffeurs, discrets et ponctuels, assurent des transferts \u00e9l\u00e9gants et sans souci, en s&rsquo;adaptant \u00e0 vos besoins. Confiez-nous vos d\u00e9placements pour un \u00e9v\u00e9nement fluide et m\u00e9morable.<\/p>\n\n\n\n<p>Contactez-nous pour r\u00e9server et recevoir un devis personnalis\u00e9.<\/p>\n\n\n\n<figure class=\"wp-block-image size-full\"><img loading=\"lazy\" decoding=\"async\" width=\"320\" height=\"214\" src=\"https:\/\/lyon-luxury-drives.com\/wp-content\/uploads\/2024\/11\/d4faa4805a3744eba450e68b4d92e50b.webp\" alt=\"\" class=\"wp-image-331\" srcset=\"https:\/\/lyon-luxury-drives.com\/wp-content\/uploads\/2024\/11\/d4faa4805a3744eba450e68b4d92e50b.webp 320w, https:\/\/lyon-luxury-drives.com\/wp-content\/uploads\/2024\/11\/d4faa4805a3744eba450e68b4d92e50b-300x201.webp 300w\" sizes=\"auto, (max-width: 320px) 100vw, 320px\" \/><\/figure>\n\n\n\n<p><\/p>\n\n\n\n<h3 class=\"wp-block-heading\" id=\"mariage\"><strong>Mariage<\/strong><\/h3>\n\n\n\n<p>Pour votre mariage, offrez-vous une arriv\u00e9e \u00e9l\u00e9gante et sans stress avec notre service de chauffeur priv\u00e9 de luxe. Nous proposons une flotte de v\u00e9hicules haut de gamme pour r\u00e9pondre \u00e0 vos envies.<\/p>\n\n\n\n<p>Nos chauffeurs, professionnels et discrets, s\u2019assurent que vos d\u00e9placements se d\u00e9roulent parfaitement tout au long de la journ\u00e9e. En plus des transferts des mari\u00e9s, nous proposons un service pour vos invit\u00e9s et restons \u00e0 votre disposition pour tous vos besoins.<\/p>\n\n\n\n<p>Contactez-nous pour un service personnalis\u00e9 qui fera de votre mariage un moment inoubliable.<\/p>\n\n\n\n<figure class=\"wp-block-image size-large\"><img loading=\"lazy\" decoding=\"async\" width=\"768\" height=\"1024\" src=\"https:\/\/lyon-luxury-drives.com\/wp-content\/uploads\/2024\/11\/17302826185835019654120267598628-768x1024.jpg\" alt=\"\" class=\"wp-image-327\" srcset=\"https:\/\/lyon-luxury-drives.com\/wp-content\/uploads\/2024\/11\/17302826185835019654120267598628-768x1024.jpg 768w, https:\/\/lyon-luxury-drives.com\/wp-content\/uploads\/2024\/11\/17302826185835019654120267598628-225x300.jpg 225w, https:\/\/lyon-luxury-drives.com\/wp-content\/uploads\/2024\/11\/17302826185835019654120267598628-1152x1536.jpg 1152w, https:\/\/lyon-luxury-drives.com\/wp-content\/uploads\/2024\/11\/17302826185835019654120267598628.jpg 1280w\" sizes=\"auto, (max-width: 768px) 100vw, 768px\" \/><\/figure>\n\n\n\n<p><\/p>\n\n\n\n<h3 class=\"wp-block-heading\" id=\"conciergerie\"><strong>Conciergerie Priv\u00e9e<\/strong><\/h3>\n\n\n\n<p>Chez Lyon Luxury Drives , notre service de conciergerie vous offre bien plus qu&rsquo;un simple transport. Nous vous proposons une exp\u00e9rience personnalis\u00e9e, r\u00e9pondant \u00e0 tous vos besoins durant vos d\u00e9placements, avec discr\u00e9tion, efficacit\u00e9 et un service sur-mesure.<\/p>\n\n\n\n<p style=\"padding-top:var(--wp--preset--spacing--20);padding-bottom:var(--wp--preset--spacing--20)\">Nos services de conciergerie incluent :<\/p>\n\n\n\n<ul class=\"wp-block-list\">\n<li>R\u00e9servations<\/li>\n\n\n\n<li>Courses personnelles<\/li>\n\n\n\n<li>Organisation de vos loisirs<\/li>\n\n\n\n<li>Accueil VIP<\/li>\n\n\n\n<li>Service de s\u00e9curit\u00e9<\/li>\n<\/ul>\n\n\n\n<p><strong>Contactez-nous<\/strong> d\u00e8s maintenant pour d\u00e9couvrir comment notre service de conciergerie peut rendre vos d\u00e9placements plus simples et agr\u00e9ables.<\/p>\n\n\n\n<figure class=\"wp-block-image size-full\"><img loading=\"lazy\" decoding=\"async\" width=\"1000\" height=\"637\" src=\"https:\/\/lyon-luxury-drives.com\/wp-content\/uploads\/2024\/11\/conciergerie.jpg\" alt=\"\" class=\"wp-image-335\" srcset=\"https:\/\/lyon-luxury-drives.com\/wp-content\/uploads\/2024\/11\/conciergerie.jpg 1000w, https:\/\/lyon-luxury-drives.com\/wp-content\/uploads\/2024\/11\/conciergerie-300x191.jpg 300w, https:\/\/lyon-luxury-drives.com\/wp-content\/uploads\/2024\/11\/conciergerie-768x489.jpg 768w\" sizes=\"auto, (max-width: 1000px) 100vw, 1000px\" \/><\/figure>\n\n\n\n<p><\/p>\n\n\n\n<h3 class=\"wp-block-heading\" id=\"coursier-prive\"><strong>Votre coursier priv\u00e9, un service plis en main<\/strong><\/h3>\n\n\n\n<p>Confiez nous l&rsquo;envoi de vos plis en toute s\u00e9curit\u00e9.<\/p>\n\n\n\n<p>Le service de coursier Lyon Luxury Drives op\u00e8re \u00e0 tout moment pour r\u00e9pondre \u00e0 vos demandes, exclusivement pour la livraison de plis et colis sur Lyon \/ r\u00e9gion Auvergne-Rh\u00f4ne-Alpes.<\/p>\n\n\n\n<figure class=\"wp-block-image size-large\"><img loading=\"lazy\" decoding=\"async\" width=\"1024\" height=\"682\" src=\"https:\/\/lyon-luxury-drives.com\/wp-content\/uploads\/2024\/11\/AdobeStock276095060jpeg_5ef5963c13fc6-1024x682.jpeg\" alt=\"\" class=\"wp-image-329\" srcset=\"https:\/\/lyon-luxury-drives.com\/wp-content\/uploads\/2024\/11\/AdobeStock276095060jpeg_5ef5963c13fc6-1024x682.jpeg 1024w, https:\/\/lyon-luxury-drives.com\/wp-content\/uploads\/2024\/11\/AdobeStock276095060jpeg_5ef5963c13fc6-300x200.jpeg 300w, https:\/\/lyon-luxury-drives.com\/wp-content\/uploads\/2024\/11\/AdobeStock276095060jpeg_5ef5963c13fc6-768x512.jpeg 768w, https:\/\/lyon-luxury-drives.com\/wp-content\/uploads\/2024\/11\/AdobeStock276095060jpeg_5ef5963c13fc6-1536x1023.jpeg 1536w, https:\/\/lyon-luxury-drives.com\/wp-content\/uploads\/2024\/11\/AdobeStock276095060jpeg_5ef5963c13fc6.jpeg 1600w\" sizes=\"auto, (max-width: 1024px) 100vw, 1024px\" \/><\/figure>\n","protected":false},"excerpt":{"rendered":"<p>Des prestations sur-mesure pour un service de qualit\u00e9 La ponctualit\u00e9 est une qualit\u00e9 essentielle pour nos chauffeurs priv\u00e9s. Notre compagnie mettra tout en \u0153uvre pour que votre prise en charge soit \u00e0 l\u2019heure convenue ainsi que votre arriv\u00e9e. Tenue correcte, habitacle propre, services \u00e0 bord soign\u00e9s, nous vous proposons une prestation de transport haut-de-gamme. Vous&period;&period;&period;<\/p>\n","protected":false},"author":2,"featured_media":0,"parent":0,"menu_order":0,"comment_status":"closed","ping_status":"open","template":"","meta":{"footnotes":""},"class_list":["post-2","page","type-page","status-publish","hentry"],"_links":{"self":[{"href":"https:\/\/lyon-luxury-drives.com\/index.php\/wp-json\/wp\/v2\/pages\/2","targetHints":{"allow":["GET"]}}],"collection":[{"href":"https:\/\/lyon-luxury-drives.com\/index.php\/wp-json\/wp\/v2\/pages"}],"about":[{"href":"https:\/\/lyon-luxury-drives.com\/index.php\/wp-json\/wp\/v2\/types\/page"}],"author":[{"embeddable":true,"href":"https:\/\/lyon-luxury-drives.com\/index.php\/wp-json\/wp\/v2\/users\/2"}],"replies":[{"embeddable":true,"href":"https:\/\/lyon-luxury-drives.com\/index.php\/wp-json\/wp\/v2\/comments?post=2"}],"version-history":[{"count":65,"href":"https:\/\/lyon-luxury-drives.com\/index.php\/wp-json\/wp\/v2\/pages\/2\/revisions"}],"predecessor-version":[{"id":893,"href":"https:\/\/lyon-luxury-drives.com\/index.php\/wp-json\/wp\/v2\/pages\/2\/revisions\/893"}],"wp:attachment":[{"href":"https:\/\/lyon-luxury-drives.com\/index.php\/wp-json\/wp\/v2\/media?parent=2"}],"curies":[{"name":"wp","href":"https:\/\/api.w.org\/{rel}","templated":true}]}}